{"id":240,"date":"2026-04-02T08:21:40","date_gmt":"2026-04-02T08:21:40","guid":{"rendered":"https:\/\/taxiserviceinsomnath.com\/official\/?page_id=240"},"modified":"2026-04-02T08:21:40","modified_gmt":"2026-04-02T08:21:40","slug":"prediksi-skor-fenerbahce-vs-besiktas","status":"publish","type":"page","link":"https:\/\/taxiserviceinsomnath.com\/official\/prediksi-skor-fenerbahce-vs-besiktas\/","title":{"rendered":"Prediksi Skor Fenerbahce\u00a0vs\u00a0Besiktas"},"content":{"rendered":"\n<p>Pertandingan<strong><a href=\"https:\/\/g4acordelapan.com\/akun89\/\"> Intercontinental Derby<\/a><\/strong> antara <strong><a href=\"https:\/\/g4acordelapan.com\/akun89\/\">Fenerbah\u00e7e<\/a> <\/strong>dan <strong><a href=\"https:\/\/g4acordelapan.com\/akun89\/\">Be\u015fikta\u015f<\/a><\/strong> di <strong><a href=\"https:\/\/g4acordelapan.com\/akun89\/\">\u00dclker Stadyumu<\/a><\/strong> (<a href=\"https:\/\/g4acordelapan.com\/akun89\/\"><strong>\u015e\u00fckr\u00fc Saraco\u011flu<\/strong><\/a>) pada 6 April 2026 pukul 00:00 WIB (Minggu sore waktu setempat) akan menjadi <strong><a href=\"https:\/\/g4acordelapan.com\/akun89\/\">laga <\/a><\/strong>penentu dalam perburuan gelar S\u00fcper Lig. <strong><a href=\"https:\/\/g4acordelapan.com\/akun89\/\">Fenerbah\u00e7e<\/a><\/strong> saat ini duduk di peringkat ke-2, sementara <strong><a href=\"https:\/\/g4acordelapan.com\/akun89\/\">Be\u015fikta\u015f<\/a><\/strong> menguntit di posisi ke-4.<\/p>\n\n\n\n<figure class=\"wp-block-image size-full\"><a href=\"https:\/\/g4acordelapan.com\/akun89\/\"><img loading=\"lazy\" decoding=\"async\" width=\"1024\" height=\"572\" src=\"https:\/\/taxiserviceinsomnath.com\/official\/wp-content\/uploads\/2026\/04\/2fe1c993-743f-493e-ab9e-eb8452658962.jpeg\" alt=\"\" class=\"wp-image-241\" srcset=\"https:\/\/taxiserviceinsomnath.com\/official\/wp-content\/uploads\/2026\/04\/2fe1c993-743f-493e-ab9e-eb8452658962.jpeg 1024w, https:\/\/taxiserviceinsomnath.com\/official\/wp-content\/uploads\/2026\/04\/2fe1c993-743f-493e-ab9e-eb8452658962-300x168.jpeg 300w, https:\/\/taxiserviceinsomnath.com\/official\/wp-content\/uploads\/2026\/04\/2fe1c993-743f-493e-ab9e-eb8452658962-768x429.jpeg 768w\" sizes=\"auto, (max-width: 1024px) 100vw, 1024px\" \/><\/a><\/figure>\n\n\n\n<p>Berikut adalah rincian <a href=\"https:\/\/g4acordelapan.com\/akun89\/\"><em>head to head<\/em> <\/a>dan <a href=\"https:\/\/g4acordelapan.com\/akun89\/\">prediksi skornya<\/a>:<\/p>\n\n\n\n<h3 class=\"wp-block-heading\"><strong><a href=\"https:\/\/g4acordelapan.com\/akun89\/\">Head to Head (5 Pertemuan Terakhir)<\/a><\/strong><\/h3>\n\n\n\n<p>Persaingan kedua tim sangat sengit dalam dua musim terakhir. <strong><a href=\"https:\/\/g4acordelapan.com\/akun89\/\">Be\u015fikta\u015f<\/a><\/strong> sedikit lebih unggul dengan memenangkan tiga dari lima pertemuan terakhir, termasuk kemenangan di ajang <strong><a href=\"https:\/\/g4acordelapan.com\/akun89\/\">Turkish Cup<\/a><\/strong> akhir tahun lalu.<\/p>\n\n\n\n<figure class=\"wp-block-table\"><table class=\"has-fixed-layout\"><thead><tr><td><strong>Tanggal<\/strong><\/td><td><strong>Ajang<\/strong><\/td><td><strong>Pertandingan<\/strong><\/td><td><strong>Skor<\/strong><\/td><\/tr><\/thead><tbody><tr><td><strong>24 Des 2025<\/strong><\/td><td>Turkish Cup<\/td><td>Fenerbah\u00e7e vs <strong>Be\u015fikta\u015f<\/strong><\/td><td>1 &#8211; 2<\/td><\/tr><tr><td><strong>03 Nov 2025<\/strong><\/td><td>S\u00fcper Lig<\/td><td>Be\u015fikta\u015f vs <strong>Fenerbah\u00e7e<\/strong><\/td><td>2 &#8211; 3<\/td><\/tr><tr><td><strong>04 Mei 2025<\/strong><\/td><td>S\u00fcper Lig<\/td><td>Fenerbah\u00e7e vs <strong>Be\u015fikta\u015f<\/strong><\/td><td>0 &#8211; 1<\/td><\/tr><tr><td><strong>22 Des 2024<\/strong><\/td><td>S\u00fcper Lig<\/td><td><strong>Be\u015fikta\u015f<\/strong> vs Fenerbah\u00e7e<\/td><td>2 &#8211; 1<\/td><\/tr><tr><td><strong>27 Apr 2024<\/strong><\/td><td>S\u00fcper Lig<\/td><td><strong>Fenerbah\u00e7e<\/strong> vs Be\u015fikta\u015f<\/td><td>2 &#8211; 1<\/td><\/tr><\/tbody><\/table><\/figure>\n\n\n\n<hr class=\"wp-block-separator has-alpha-channel-opacity\"\/>\n\n\n\n<h3 class=\"wp-block-heading\"><strong><a href=\"https:\/\/g4acordelapan.com\/akun89\/\">Analisis Kekuatan &amp; Kondisi Tim<\/a><\/strong><\/h3>\n\n\n\n<ul class=\"wp-block-list\">\n<li><strong>Fenerbah\u00e7e SK:<\/strong> Menempati peringkat ke-2 <strong><a href=\"https:\/\/g4acordelapan.com\/akun89\/\">klasemen<\/a><\/strong> (60 poin). Anak asuh <strong><a href=\"https:\/\/g4acordelapan.com\/akun89\/\">Domenico Tedesco <\/a><\/strong>memiliki rekor kandang yang luar biasa musim ini (9 menang, 4 seri, 0 kalah). Meskipun pertahanan mereka terkadang menunjukkan celah, produktivitas <strong><a href=\"https:\/\/g4acordelapan.com\/akun89\/\">gol <\/a><\/strong>di kandang tetap menjadi senjata utama mereka.<\/li>\n\n\n\n<li><strong><a href=\"https:\/\/g4acordelapan.com\/akun89\/\">Be\u015fikta\u015f JK<\/a>:<\/strong> Berada di peringkat ke-4 <strong><a href=\"https:\/\/g4acordelapan.com\/akun89\/\">klasemen<\/a><\/strong> (52 poin). <strong><a href=\"https:\/\/g4acordelapan.com\/akun89\/\">Be\u015fikta\u015f<\/a><\/strong> datang dengan modal kepercayaan diri tinggi setelah memenangkan 4 dari 5 <strong><a href=\"https:\/\/g4acordelapan.com\/akun89\/\">laga<\/a><\/strong> terakhir mereka. Lini serang mereka sangat efektif dalam memanfaatkan serangan balik, yang seringkali merepotkan pertahanan tinggi <strong><a href=\"https:\/\/g4acordelapan.com\/akun89\/\">Fenerbah\u00e7e<\/a><\/strong>.<\/li>\n<\/ul>\n\n\n\n<hr class=\"wp-block-separator has-alpha-channel-opacity\"\/>\n\n\n\n<h3 class=\"wp-block-heading\"><strong><a href=\"https:\/\/g4acordelapan.com\/akun89\/\">Prediksi Skor<\/a><\/strong><\/h3>\n\n\n\n<p><strong><a href=\"https:\/\/g4acordelapan.com\/akun89\/\">Derbi<\/a><\/strong> ini selalu menyajikan intensitas tinggi dan drama di menit-menit akhir. Mengingat catatan kandang <strong><a href=\"https:\/\/g4acordelapan.com\/akun89\/\">Fenerbah\u00e7e<\/a><\/strong> yang belum ternoda musim ini, mereka sedikit lebih diunggulkan, namun <strong><a href=\"https:\/\/g4acordelapan.com\/akun89\/\">Be\u015fikta\u015f<\/a><\/strong> memiliki sejarah bagus saat bermain di <strong><a href=\"https:\/\/g4acordelapan.com\/akun89\/\">Kad\u0131k\u00f6y<\/a><\/strong>.<\/p>\n\n\n\n<p><strong><a href=\"https:\/\/g4acordelapan.com\/akun89\/\">Prediksi Skor Akhir<\/a>:<\/strong><\/p>\n\n\n\n<blockquote class=\"wp-block-quote is-layout-flow wp-block-quote-is-layout-flow\">\n<p><strong><a href=\"https:\/\/g4acordelapan.com\/akun89\/\">Fenerbah\u00e7e 2 &#8211; 1 Be\u015fikta\u015f<\/a><\/strong><\/p>\n\n\n\n<p>atau<\/p>\n\n\n\n<p><strong><a href=\"https:\/\/g4acordelapan.com\/akun89\/\">Fenerbah\u00e7e 2 &#8211; 2 Be\u015fikta\u015f<\/a><\/strong><\/p>\n<\/blockquote>\n\n\n\n<p><a href=\"https:\/\/g4acordelapan.com\/akun89\/\">Laga<\/a> ini memiliki probabilitas tinggi untuk menghasilkan <strong>Over 2.5 Goals<\/strong> dan kedua tim <strong><a href=\"https:\/\/g4acordelapan.com\/akun89\/\">diprediksi<\/a><\/strong> akan mencetak gol (<strong><a href=\"https:\/\/g4acordelapan.com\/akun89\/\">BTTS &#8211; Yes<\/a><\/strong>).<\/p>\n\n\n\n<figure class=\"wp-block-image size-full\"><a href=\"https:\/\/direct.lc.chat\/14890620\/\"><img loading=\"lazy\" decoding=\"async\" width=\"435\" height=\"200\" src=\"https:\/\/taxiserviceinsomnath.com\/official\/wp-content\/uploads\/2026\/03\/linkdaftar.gif\" alt=\"\" class=\"wp-image-45\"\/><\/a><\/figure>\n\n\n\n<p class=\"has-text-align-center\"><strong>Telepon Kantor<br><a href=\"https:\/\/mez.ink\/akunbet899\/akunbet89\">+62813 9688 3697<\/a><\/strong><\/p>\n\n\n\n<p class=\"has-text-align-center\"><strong>Whatsapp Kami<br><a href=\"https:\/\/api.whatsapp.com\/send\/?phone=6287713670986\">+62813 9688 3697<\/a><\/strong><\/p>\n\n\n\n<p class=\"has-text-align-center\"><strong>Telegram Official<br><a href=\"https:\/\/t.me\/Akunbet89\">@Akunbet89<\/a><\/strong><\/p>\n\n\n\n<p><\/p>\n","protected":false},"excerpt":{"rendered":"<p>Pertandingan Intercontinental Derby antara Fenerbah\u00e7e dan Be\u015fikta\u015f di \u00dclker Stadyumu (\u015e\u00fckr\u00fc Saraco\u011flu) pada 6 April 2026 pukul 00:00 WIB (Minggu sore waktu setempat) akan menjadi laga penentu dalam perburuan gelar S\u00fcper Lig. Fenerbah\u00e7e saat ini duduk di peringkat ke-2, sementara Be\u015fikta\u015f menguntit di posisi ke-4. Berikut adalah rincian head to head dan prediksi skornya: Head [&hellip;]<\/p>\n","protected":false},"author":1,"featured_media":0,"parent":0,"menu_order":0,"comment_status":"closed","ping_status":"closed","template":"","meta":{"footnotes":""},"class_list":["post-240","page","type-page","status-publish","hentry"],"_links":{"self":[{"href":"https:\/\/taxiserviceinsomnath.com\/official\/wp-json\/wp\/v2\/pages\/240","targetHints":{"allow":["GET"]}}],"collection":[{"href":"https:\/\/taxiserviceinsomnath.com\/official\/wp-json\/wp\/v2\/pages"}],"about":[{"href":"https:\/\/taxiserviceinsomnath.com\/official\/wp-json\/wp\/v2\/types\/page"}],"author":[{"embeddable":true,"href":"https:\/\/taxiserviceinsomnath.com\/official\/wp-json\/wp\/v2\/users\/1"}],"replies":[{"embeddable":true,"href":"https:\/\/taxiserviceinsomnath.com\/official\/wp-json\/wp\/v2\/comments?post=240"}],"version-history":[{"count":1,"href":"https:\/\/taxiserviceinsomnath.com\/official\/wp-json\/wp\/v2\/pages\/240\/revisions"}],"predecessor-version":[{"id":242,"href":"https:\/\/taxiserviceinsomnath.com\/official\/wp-json\/wp\/v2\/pages\/240\/revisions\/242"}],"wp:attachment":[{"href":"https:\/\/taxiserviceinsomnath.com\/official\/wp-json\/wp\/v2\/media?parent=240"}],"curies":[{"name":"wp","href":"https:\/\/api.w.org\/{rel}","templated":true}]}}